{"id":197,"date":"2020-09-19T22:37:08","date_gmt":"2020-09-19T21:37:08","guid":{"rendered":"http:\/\/aquadiveclubdeplongee.com\/?page_id=197"},"modified":"2020-11-29T11:37:42","modified_gmt":"2020-11-29T10:37:42","slug":"formation-secourisme","status":"publish","type":"page","link":"https:\/\/aquadiveclubdeplongee.com\/index.php\/formation-secourisme\/","title":{"rendered":"Formation Secourisme"},"content":{"rendered":"\t\t<div data-elementor-type=\"wp-page\" data-elementor-id=\"197\" class=\"elementor elementor-197\">\n\t\t\t\t\t\t<div class=\"elementor-inner\">\n\t\t\t\t<div class=\"elementor-section-wrap\">\n\t\t\t\t\t\t\t\t\t<section class=\"elementor-section elementor-top-section elementor-element elementor-element-58e7265 elementor-section-boxed elementor-section-height-default elementor-section-height-default\" data-id=\"58e7265\" data-element_type=\"section\">\n\t\t\t\t\t\t<div class=\"elementor-container elementor-column-gap-default\">\n\t\t\t\t\t\t\t<div class=\"elementor-row\">\n\t\t\t\t\t<div class=\"elementor-column elementor-col-100 elementor-top-column elementor-element elementor-element-5467b5f\" data-id=\"5467b5f\" data-element_type=\"column\">\n\t\t\t<div class=\"elementor-column-wrap elementor-element-populated\">\n\t\t\t\t\t\t\t<div class=\"elementor-widget-wrap\">\n\t\t\t\t\t\t<div class=\"elementor-element elementor-element-0db6837 elementor-widget elementor-widget-heading\" data-id=\"0db6837\" data-element_type=\"widget\" data-widget_type=\"heading.default\">\n\t\t\t\t<div class=\"elementor-widget-container\">\n\t\t\t<h1 class=\"elementor-heading-title elementor-size-xxl\">Formation Secourisme<\/h1>\t\t<\/div>\n\t\t\t\t<\/div>\n\t\t\t\t<div class=\"elementor-element elementor-element-2893a9b elementor-widget elementor-widget-image\" data-id=\"2893a9b\" data-element_type=\"widget\" data-widget_type=\"image.default\">\n\t\t\t\t<div class=\"elementor-widget-container\">\n\t\t\t\t\t\t\t\t<div class=\"elementor-image\">\n\t\t\t\t\t\t\t\t\t\t\t\t<img width=\"768\" height=\"512\" src=\"https:\/\/aquadiveclubdeplongee.com\/wp-content\/uploads\/2020\/09\/life-saver-2407304_1280-768x512.jpg\" class=\"attachment-medium_large size-medium_large\" alt=\"\" loading=\"lazy\" srcset=\"https:\/\/aquadiveclubdeplongee.com\/wp-content\/uploads\/2020\/09\/life-saver-2407304_1280-768x512.jpg 768w, https:\/\/aquadiveclubdeplongee.com\/wp-content\/uploads\/2020\/09\/life-saver-2407304_1280-600x400.jpg 600w, https:\/\/aquadiveclubdeplongee.com\/wp-content\/uploads\/2020\/09\/life-saver-2407304_1280-300x200.jpg 300w, https:\/\/aquadiveclubdeplongee.com\/wp-content\/uploads\/2020\/09\/life-saver-2407304_1280-1024x682.jpg 1024w, https:\/\/aquadiveclubdeplongee.com\/wp-content\/uploads\/2020\/09\/life-saver-2407304_1280.jpg 1280w\" sizes=\"(max-width: 768px) 100vw, 768px\" \/>\t\t\t\t\t\t\t\t\t\t\t\t\t\t<\/div>\n\t\t\t\t\t\t<\/div>\n\t\t\t\t<\/div>\n\t\t\t\t<div class=\"elementor-element elementor-element-a446fb5 elementor-widget elementor-widget-text-editor\" data-id=\"a446fb5\" data-element_type=\"widget\" data-widget_type=\"text-editor.default\">\n\t\t\t\t<div class=\"elementor-widget-container\">\n\t\t\t\t\t\t\t\t<div class=\"elementor-text-editor elementor-clearfix\">\n\t\t\t\t<p><span style=\"color: #000000;\">Cette comp\u00e9tence est facultative pour les Niveaux 1 Mais obligatoire pour la pr\u00e9sentation aux brevets f\u00e9d\u00e9raux de plong\u00e9e\u00a0: Niveau 2, 3.<\/span><\/p><p><span style=\"color: #000000;\">Cette formation a pour objet l&rsquo;acquisition des savoirs n\u00e9cessaires \u00e0 la bonne ex\u00e9cution des gestes \u00e0 destination d&rsquo;une victime d&rsquo;un accident de plong\u00e9e avant sa prise en charge par le service m\u00e9dical de secours.<\/span><\/p><p><span style=\"color: #000000;\">Le brevet est valable \u00e0 vie, il est fortement recommand\u00e9 de suivre l&rsquo;\u00e9volution des techniques de secourisme\u2026titulaires de cette comp\u00e9tence\u2026 vous pouvez participer \u00e0 cette formation en venant vous recycler\u00a0<\/span><\/p><p><span style=\"color: #000000;\">Les contenus de formation d\u00e9crits ci-dessous sont d\u00e9clin\u00e9s suivant en plusieurs capacit\u00e9s :<\/span><\/p><p><span style=\"color: #000000;\">1- Communication entre plongeurs lors d&rsquo;un accident de plong\u00e9e. Connaissance des signes normalis\u00e9s de la FASSAS\u00a0et r\u00e9ponses adapt\u00e9es aux circonstances de l&rsquo;accident.<\/span><\/p><p><span style=\"color: #000000;\">2- Mise en s\u00e9curit\u00e9 de l&rsquo;accident\u00e9. R\u00e9aliser une technique de tractage puis de hissage s\u00fbre et adapt\u00e9e \u00e0 l&#8217;embarcation utilis\u00e9e, pour mettre l&rsquo;accident\u00e9 hors d&rsquo;eau et le d\u00e9barrasser de toute entrave aux fonctions vitales.<\/span><\/p><p><span style=\"color: #000000;\">3- R\u00e9cup\u00e9ration des plongeurs de la palanqu\u00e9e. V\u00e9rifier la composition de la palanqu\u00e9e, relever ses param\u00e8tres de plong\u00e9e, et assurer le regroupement du mat\u00e9riel de celle-ci. Rapidit\u00e9 d&rsquo;intervention et prise en charge de l&rsquo;accident\u00e9.<\/span><\/p><p><span style=\"color: #000000;\">4- Coordination et partage des diff\u00e9rentes op\u00e9rations li\u00e9es \u00e0 l&rsquo;accident. R\u00f4le de chacun en fonction des comp\u00e9tences pr\u00e9sentes. Assurer la liaison entre les divers intervenants. Ma\u00eetrise du tractage, ma\u00eetrise du hissage, mise en s\u00fbret\u00e9 de l&rsquo;accident\u00e9. Le plongeur doit recueillir le maximum d&rsquo;\u00e9l\u00e9ments permettant la prise en charge et la surveillance de la palanqu\u00e9e.<\/span><\/p><p><span style=\"color: #000000;\">5- Prise en compte des malaises de la victime et \u00e9valuation des fonctions vitales. Reconnaissance des signes li\u00e9s aux accidents de plong\u00e9e et surveillance. Ma\u00eetriser la gestion de crise. Le plongeur doit rassurer, interroger et analyser les d\u00e9tresses de la victime. Il doit surveiller l&rsquo;\u00e9volution de l&rsquo;\u00e9tat de la victime.<\/span><\/p><p><span style=\"color: #000000;\">6- Mise en \u0153uvre des techniques adapt\u00e9es \u00e0 l&rsquo;\u00e9tat de la victime. Respect des recommandations de la Commission M\u00e9dicale et de Pr\u00e9vention Nationale en mati\u00e8re d&rsquo;accidents, dont :<\/span><\/p><p style=\"text-align: center;\"><span style=\"color: #000000;\">Ranimation cardio-ventilatoire<\/span><\/p><p style=\"text-align: center;\"><span style=\"color: #000000;\">Inhalation<\/span><\/p><p style=\"text-align: center;\"><span style=\"color: #000000;\">Insufflation O2 \u00e0 100% \u00e0 15 litres par minute<\/span><\/p><p style=\"text-align: center;\"><span style=\"color: #000000;\">Eau.<\/span><\/p><p><span style=\"color: #000000;\">7- Application des techniques. Appel aux secours. Passation des informations aux urgences et suivi<\/span><\/p>\t\t\t\t\t<\/div>\n\t\t\t\t\t\t<\/div>\n\t\t\t\t<\/div>\n\t\t\t\t\t\t<\/div>\n\t\t\t\t\t<\/div>\n\t\t<\/div>\n\t\t\t\t\t\t\t\t<\/div>\n\t\t\t\t\t<\/div>\n\t\t<\/section>\n\t\t\t\t\t\t\t\t\t<\/div>\n\t\t\t<\/div>\n\t\t\t\t\t<\/div>\n\t\t","protected":false},"excerpt":{"rendered":"<p>Formation Secourisme Cette comp\u00e9tence est facultative pour les Niveaux 1 Mais obligatoire pour la pr\u00e9sentation aux brevets f\u00e9d\u00e9raux de plong\u00e9e&nbsp;: Niveau 2, 3. Cette formation a pour objet l&rsquo;acquisition des savoirs n\u00e9cessaires \u00e0 la bonne ex\u00e9cution des gestes \u00e0 destination d&rsquo;une victime d&rsquo;un accident de plong\u00e9e avant sa prise en charge par le service m\u00e9dical [&hellip;]<\/p>\n","protected":false},"author":1,"featured_media":0,"parent":0,"menu_order":0,"comment_status":"closed","ping_status":"closed","template":"","meta":{"ngg_post_thumbnail":0},"_links":{"self":[{"href":"https:\/\/aquadiveclubdeplongee.com\/index.php\/wp-json\/wp\/v2\/pages\/197"}],"collection":[{"href":"https:\/\/aquadiveclubdeplongee.com\/index.php\/wp-json\/wp\/v2\/pages"}],"about":[{"href":"https:\/\/aquadiveclubdeplongee.com\/index.php\/wp-json\/wp\/v2\/types\/page"}],"author":[{"embeddable":true,"href":"https:\/\/aquadiveclubdeplongee.com\/index.php\/wp-json\/wp\/v2\/users\/1"}],"replies":[{"embeddable":true,"href":"https:\/\/aquadiveclubdeplongee.com\/index.php\/wp-json\/wp\/v2\/comments?post=197"}],"version-history":[{"count":12,"href":"https:\/\/aquadiveclubdeplongee.com\/index.php\/wp-json\/wp\/v2\/pages\/197\/revisions"}],"predecessor-version":[{"id":493,"href":"https:\/\/aquadiveclubdeplongee.com\/index.php\/wp-json\/wp\/v2\/pages\/197\/revisions\/493"}],"wp:attachment":[{"href":"https:\/\/aquadiveclubdeplongee.com\/index.php\/wp-json\/wp\/v2\/media?parent=197"}],"curies":[{"name":"wp","href":"https:\/\/api.w.org\/{rel}","templated":true}]}}